{"id":130,"date":"2024-07-31T20:02:02","date_gmt":"2024-07-31T20:02:02","guid":{"rendered":"https:\/\/metropolisplatform.com\/?page_id=130"},"modified":"2025-03-13T18:03:17","modified_gmt":"2025-03-13T18:03:17","slug":"home","status":"publish","type":"page","link":"https:\/\/metropolisplatform.com\/index.php\/home\/","title":{"rendered":"Home"},"content":{"rendered":"\n<div class=\"wp-block-group alignfull has-background has-global-padding is-layout-constrained wp-container-core-group-is-layout-2 wp-block-group-is-layout-constrained\" style=\"background-color:#ffffff;padding-top:var(--wp--preset--spacing--50);padding-right:var(--wp--preset--spacing--50);padding-bottom:var(--wp--preset--spacing--50);padding-left:var(--wp--preset--spacing--50)\">\n<div class=\"wp-block-group has-global-padding is-layout-constrained wp-container-core-group-is-layout-1 wp-block-group-is-layout-constrained\">\n<div class=\"wp-block-columns alignfull is-layout-flex wp-container-core-columns-is-layout-1 wp-block-columns-is-layout-flex\">\n<div class=\"wp-block-column is-layout-flow wp-block-column-is-layout-flow\" style=\"flex-basis:100%\">\n<h1 class=\"wp-block-heading has-text-align-center has-x-large-font-size\">Lisbon and Porto Shared Metropolis<\/h1>\n<\/div>\n<\/div>\n\n\n\n<div style=\"height:20px\" aria-hidden=\"true\" class=\"wp-block-spacer\"><\/div>\n\n\n\n<div class=\"wp-block-columns is-layout-flex wp-container-core-columns-is-layout-2 wp-block-columns-is-layout-flex\">\n<div class=\"wp-block-column is-layout-flow wp-block-column-is-layout-flow\" style=\"flex-basis:100%\">\n<p class=\"has-text-align-center\"><strong>Sustainable Tourism Beyond City Centre<\/strong><\/p>\n<\/div>\n<\/div>\n\n\n\n<p><\/p>\n\n\n\n<p><\/p>\n\n\n\n<p><br><br><br>The balance between housing and tourism is the key challenge to the governance of global cities. Based on CIAUD-UPT, the research project MetroPoLis aims for Lisbon and Porto sustainable development, beyond their urban centres.<\/p>\n\n\n\n<div style=\"height:var(--wp--preset--spacing--30)\" aria-hidden=\"true\" class=\"wp-block-spacer\"><\/div>\n<\/div>\n<\/div>\n\n\n\n<div class=\"wp-block-group alignfull has-background has-global-padding is-layout-constrained wp-container-core-group-is-layout-3 wp-block-group-is-layout-constrained\" style=\"background-color:#aec5a8;padding-top:var(--wp--preset--spacing--50);padding-right:var(--wp--preset--spacing--50);padding-bottom:var(--wp--preset--spacing--50);padding-left:var(--wp--preset--spacing--50)\">\n<p class=\"has-text-align-center has-base-color has-text-color has-link-color has-x-large-font-size wp-elements-92888a1e2a9429091d0e3e498ae5de6c\"><strong><br>The Shared City: Housing and Tourism in the Metropolitan Areas of Lisbon and Porto<\/strong><\/p>\n\n\n\n<p class=\"has-text-align-center\"><a href=\"https:\/\/www.mdpi.com\/2504-3900\/113\/1\/10\">https:\/\/www.mdpi.com\/2504-3900\/113\/1\/10<\/a><\/p>\n\n\n\n<p class=\"has-text-align-center\">Presented at the XVIII International Seminars on Overarching Issues of the European Area, Porto, Portugal, 23\u201326 May 2024.<\/p>\n<\/div>\n\n\n\n<div class=\"wp-block-group alignfull has-background has-global-padding is-layout-constrained wp-container-core-group-is-layout-4 wp-block-group-is-layout-constrained\" style=\"background-color:#aec5a8;padding-top:var(--wp--preset--spacing--50);padding-right:var(--wp--preset--spacing--50);padding-bottom:var(--wp--preset--spacing--50);padding-left:var(--wp--preset--spacing--50)\">\n<p class=\"has-text-align-center has-base-color has-text-color has-link-color has-x-large-font-size wp-elements-497d233bd29b5f9a46164c702dd9a8de\"><strong><br>La ciudad compartida. Vivienda y turismo en las \u00e1reas metropolitanas de Lisboa y Porto<\/strong><\/p>\n\n\n\n<p class=\"has-text-align-center\"><a href=\"https:\/\/www.mdpi.com\/2504-3900\/113\/1\/10\">https:\/\/epsir.net\/index.php\/epsir\/article\/view\/1490<\/a><\/p>\n\n\n\n<p class=\"has-text-align-left\">This article examines the relationship between housing and tourism in the metropolitan areas of Lisbon and Porto, considering its impact on urban sustainability. <\/p>\n<\/div>\n\n\n\n<div class=\"wp-block-group alignfull has-base-background-color has-background has-global-padding is-layout-constrained wp-container-core-group-is-layout-5 wp-block-group-is-layout-constrained\" style=\"padding-top:var(--wp--preset--spacing--50);padding-right:var(--wp--preset--spacing--50);padding-bottom:var(--wp--preset--spacing--50);padding-left:var(--wp--preset--spacing--50)\">\n<p>Rui Florentino presents the MetroPoLIs research project in the study of &#8220;Coroa Norte de Lisboa&#8221; promoted by the City Council with the support of the Serra Henriques Foundation.<\/p>\n\n\n\n<div style=\"height:var(--wp--preset--spacing--30)\" aria-hidden=\"true\" class=\"wp-block-spacer\"><\/div>\n\n\n\n<div class=\"wp-block-columns is-layout-flex wp-container-core-columns-is-layout-3 wp-block-columns-is-layout-flex\">\n<div class=\"wp-block-column is-layout-flow wp-block-column-is-layout-flow\" style=\"flex-basis:100%\">\n<figure class=\"wp-block-embed is-type-video is-provider-youtube wp-block-embed-youtube wp-embed-aspect-16-9 wp-has-aspect-ratio\"><div class=\"wp-block-embed__wrapper\">\n<iframe loading=\"lazy\" title=\"Impress\u00f5es Coroa Norte - Rui Florentino\" width=\"500\" height=\"281\" src=\"https:\/\/www.youtube.com\/embed\/2vjOSkmV8NE?feature=oembed\" frameborder=\"0\" allow=\"accelerometer; autoplay; clipboard-write; encrypted-media; gyroscope; picture-in-picture; web-share\" referrerpolicy=\"strict-origin-when-cross-origin\" allowfullscreen><\/iframe>\n<\/div><\/figure>\n<\/div>\n<\/div>\n<\/div>\n\n\n\n<div class=\"wp-block-group alignfull has-background has-global-padding is-layout-constrained wp-container-core-group-is-layout-6 wp-block-group-is-layout-constrained\" style=\"background-color:#ffffff;padding-top:var(--wp--preset--spacing--50);padding-right:var(--wp--preset--spacing--50);padding-bottom:var(--wp--preset--spacing--50);padding-left:var(--wp--preset--spacing--50)\">\n<div style=\"height:var(--wp--preset--spacing--30)\" aria-hidden=\"true\" class=\"wp-block-spacer\"><\/div>\n\n\n\n<figure class=\"wp-block-gallery alignwide has-nested-images columns-default is-cropped wp-block-gallery-1 is-layout-flex wp-block-gallery-is-layout-flex\">\n<figure class=\"wp-block-image size-full is-style-rounded is-style-rounded--66d6e7390cb6cf81abb283804d710a8b\"><img loading=\"lazy\" decoding=\"async\" width=\"2140\" height=\"418\" src=\"https:\/\/metropolisplatform.com\/wp-content\/uploads\/2024\/03\/logos-site.png\" alt=\"\" class=\"wp-image-218\" srcset=\"https:\/\/metropolisplatform.com\/wp-content\/uploads\/2024\/03\/logos-site.png 2140w, https:\/\/metropolisplatform.com\/wp-content\/uploads\/2024\/03\/logos-site-300x59.png 300w, https:\/\/metropolisplatform.com\/wp-content\/uploads\/2024\/03\/logos-site-1024x200.png 1024w, https:\/\/metropolisplatform.com\/wp-content\/uploads\/2024\/03\/logos-site-768x150.png 768w, https:\/\/metropolisplatform.com\/wp-content\/uploads\/2024\/03\/logos-site-1536x300.png 1536w, https:\/\/metropolisplatform.com\/wp-content\/uploads\/2024\/03\/logos-site-2048x400.png 2048w\" sizes=\"(max-width: 2140px) 100vw, 2140px\" \/><\/figure>\n<\/figure>\n<\/div>\n\n\n\n<div class=\"wp-block-group alignfull has-background has-global-padding is-layout-constrained wp-container-core-group-is-layout-7 wp-block-group-is-layout-constrained\" style=\"background-color:#ffffff;margin-top:0;margin-bottom:0;padding-top:var(--wp--preset--spacing--50);padding-right:var(--wp--preset--spacing--50);padding-bottom:var(--wp--preset--spacing--50);padding-left:var(--wp--preset--spacing--50)\">\n<p class=\"has-text-align-center has-small-font-size\">This work is financed by national funds through FCT &#8211; Funda\u00e7\u00e3o para a Ci\u00eancia e a Tecnologia, I.P., under the Strategic Project with the references UIDB\/04008\/2020 and UIDP\/04008\/2020.<\/p>\n<\/div>\n\n\n\n<div class=\"wp-block-group alignfull has-background has-global-padding is-layout-constrained wp-container-core-group-is-layout-8 wp-block-group-is-layout-constrained\" style=\"background-color:#ffffff;margin-top:0;margin-bottom:0;padding-top:var(--wp--preset--spacing--50);padding-right:var(--wp--preset--spacing--50);padding-bottom:var(--wp--preset--spacing--50);padding-left:var(--wp--preset--spacing--50)\"><\/div>\n\n\n\n<p><\/p>\n","protected":false},"excerpt":{"rendered":"<p>Lisbon and Porto Shared Metropolis Sustainable Tourism Beyond City Centre The balance between housing and tourism is the key challenge to the governance of global cities. Based on CIAUD-UPT, the research project MetroPoLis aims for Lisbon and Porto sustainable development, beyond their urban centres. The Shared City: Housing and Tourism in the Metropolitan Areas of [&hellip;]<\/p>\n","protected":false},"author":1,"featured_media":0,"parent":0,"menu_order":0,"comment_status":"closed","ping_status":"closed","template":"","meta":{"footnotes":""},"class_list":["post-130","page","type-page","status-publish","hentry"],"_links":{"self":[{"href":"https:\/\/metropolisplatform.com\/index.php\/wp-json\/wp\/v2\/pages\/130"}],"collection":[{"href":"https:\/\/metropolisplatform.com\/index.php\/wp-json\/wp\/v2\/pages"}],"about":[{"href":"https:\/\/metropolisplatform.com\/index.php\/wp-json\/wp\/v2\/types\/page"}],"author":[{"embeddable":true,"href":"https:\/\/metropolisplatform.com\/index.php\/wp-json\/wp\/v2\/users\/1"}],"replies":[{"embeddable":true,"href":"https:\/\/metropolisplatform.com\/index.php\/wp-json\/wp\/v2\/comments?post=130"}],"version-history":[{"count":34,"href":"https:\/\/metropolisplatform.com\/index.php\/wp-json\/wp\/v2\/pages\/130\/revisions"}],"predecessor-version":[{"id":298,"href":"https:\/\/metropolisplatform.com\/index.php\/wp-json\/wp\/v2\/pages\/130\/revisions\/298"}],"wp:attachment":[{"href":"https:\/\/metropolisplatform.com\/index.php\/wp-json\/wp\/v2\/media?parent=130"}],"curies":[{"name":"wp","href":"https:\/\/api.w.org\/{rel}","templated":true}]}}